{"id":8,"date":"2022-01-31T07:41:34","date_gmt":"2022-01-31T07:41:34","guid":{"rendered":"https:\/\/secondround.eu\/?page_id=8"},"modified":"2025-01-29T07:40:10","modified_gmt":"2025-01-29T07:40:10","slug":"esileht","status":"publish","type":"page","link":"https:\/\/secondround.eu\/en\/","title":{"rendered":"Quick solutions"},"content":{"rendered":"<h2 class=\"wp-block-heading has-text-align-center has-theme-primary-color has-text-color wp-el\" id=\"garanteeritud-kvaliteet-moistlik-hind\">Guaranteed quality, reasonable price<\/h2>\n\n\n<div id=\"acf-block_61f7ad4e2afab\" class=\"acf-block-element element-products-grid position-relative\"><div class=\"d-flex flex-wrap align-items-end justify-content-between\"><div class=\"flex-item\"><div class=\"products-grid__thumbs d-flex align-items-center justify-content-center\"><img loading=\"lazy\" decoding=\"async\" width=\"127\" height=\"256\" src=\"https:\/\/secondround.eu\/wp-content\/uploads\/2022\/01\/samsung-back.png\" class=\"attachment-phone-thumb size-phone-thumb\" alt=\"\" \/><img loading=\"lazy\" decoding=\"async\" width=\"127\" height=\"256\" src=\"https:\/\/secondround.eu\/wp-content\/uploads\/2022\/01\/samsung-front.png\" class=\"attachment-phone-thumb size-phone-thumb\" alt=\"\" \/><\/div><div class=\"products-grid__about text-center\"><h3>Samsung<\/h3><div class=\"wp-block-button\"><a href=\"https:\/\/secondround.eu\/en\/#pakub-huvi\" class=\"wp-block-button__link\" target=\"\">Ask for an offer<\/a><\/div><\/div><\/div><div class=\"flex-item is-featured\"><div class=\"products-grid__thumbs d-flex align-items-center justify-content-center\"><img loading=\"lazy\" decoding=\"async\" width=\"127\" height=\"256\" src=\"https:\/\/secondround.eu\/wp-content\/uploads\/2022\/01\/iphone-back.png\" class=\"attachment-phone-thumb size-phone-thumb\" alt=\"\" \/><img loading=\"lazy\" decoding=\"async\" width=\"127\" height=\"256\" src=\"https:\/\/secondround.eu\/wp-content\/uploads\/2022\/01\/iphone-front.png\" class=\"attachment-phone-thumb size-phone-thumb\" alt=\"\" \/><\/div><div class=\"products-grid__about text-center\"><h3>iPhone<\/h3><div class=\"wp-block-button\"><a href=\"https:\/\/secondround.eu\/en\/#pakub-huvi\" class=\"wp-block-button__link\" target=\"\">Ask for an offer<\/a><\/div><\/div><\/div><\/div><\/div>\n\n<div id=\"acf-block_61f7bdb05f766\" class=\"acf-block-element element-bg w-max position-relative mask_top_first mask_bot_first\"><div class=\"element-inner position-relative\"><div class=\"container\">\n<div id=\"acf-block_61f7c26d1e29f\" class=\"acf-block-element element-iconbg bg-white icon_theme position-relative icon-left inc-pad\"><div class=\"bg-icon\"><svg width=\"381\" height=\"527\" viewbox=\"0 0 381 527\" fill=\"none\" xmlns=\"http:\/\/www.w3.org\/2000\/svg\"><path d=\"M170.251 479.781C174.844 479.781 179.335 478.419 183.154 475.867C186.973 473.315 189.95 469.688 191.707 465.445C193.465 461.201 193.925 456.531 193.029 452.026C192.133 447.521 189.921 443.383 186.673 440.135C183.425 436.887 179.287 434.675 174.782 433.779C170.277 432.883 165.607 433.343 161.364 435.101C157.12 436.859 153.493 439.835 150.941 443.655C148.389 447.474 147.027 451.964 147.027 456.557C147.024 459.608 147.623 462.629 148.789 465.448C149.955 468.267 151.666 470.828 153.823 472.986C155.98 475.143 158.541 476.853 161.36 478.019C164.179 479.185 167.2 479.784 170.251 479.781Z\" fill=\"#2D85F7\"\/><path d=\"M100.159 294.076C100.159 302.62 107.776 309.53 117.18 309.53H295.82V340.436H118.218C91.8588 340.436 69.0541 322.643 66.3608 298.823C63.3805 272.199 85.545 249.394 113.802 247.694H114.531H115.922H219.371C228.775 247.694 236.413 240.762 236.413 232.241C236.413 223.72 228.775 216.788 219.371 216.788H83.0283C78.9299 216.788 74.9992 215.16 72.1012 212.262C69.2031 209.364 67.575 205.433 67.575 201.334C67.575 197.236 69.2031 193.305 72.1012 190.407C74.9992 187.509 78.9299 185.881 83.0283 185.881H218.355C244.714 185.881 267.497 203.675 270.19 227.495C273.17 254.096 251.006 276.923 222.77 278.623H222.02C221.578 278.623 221.115 278.623 220.651 278.623H117.18C107.776 278.601 100.159 285.533 100.159 294.076Z\" fill=\"#2D85F7\"\/><path d=\"M193.453 61.8133H147.093C145.145 61.6659 143.324 60.7879 141.996 59.3551C140.667 57.9223 139.929 56.0405 139.929 54.0866C139.929 52.1327 140.667 50.2509 141.996 48.8181C143.324 47.3854 145.145 46.5074 147.093 46.36H193.453C194.517 46.2795 195.586 46.4196 196.593 46.7714C197.6 47.1232 198.524 47.6792 199.306 48.4045C200.089 49.1299 200.713 50.009 201.14 50.9867C201.566 51.9645 201.787 53.0198 201.787 54.0866C201.787 55.1535 201.566 56.2088 201.14 57.1865C200.713 58.1643 200.089 59.0433 199.306 59.7687C198.524 60.4941 197.6 61.05 196.593 61.4019C195.586 61.7537 194.517 61.8938 193.453 61.8133Z\" fill=\"#2D85F7\"\/><path d=\"M210.231 340.503C237.142 340.503 249.439 309.419 298.646 309.419C300.091 309.429 301.523 309.148 302.858 308.595C304.193 308.041 305.403 307.226 306.417 306.197C307.432 305.168 308.23 303.947 308.765 302.604C309.299 301.262 309.559 299.826 309.53 298.381V42.0772C309.53 39.1497 308.367 36.3421 306.297 34.2721C304.227 32.202 301.419 31.0391 298.492 31.0391L42.0551 31.0391C39.1276 31.0391 36.32 32.202 34.25 34.2721C32.1799 36.3421 31.017 39.1497 31.017 42.0772L31.017 484.196C31.017 487.124 32.1799 489.932 34.25 492.002C36.32 494.072 39.1276 495.235 42.0551 495.235H298.448C301.375 495.235 304.183 494.072 306.253 492.002C308.323 489.932 309.486 487.124 309.486 484.196V417.239L293.436 433.311L271.537 411.456L326.264 356.751L380.968 411.456L359.091 433.355L340.436 414.701V495.257C340.436 503.454 337.18 511.315 331.384 517.111C325.588 522.907 317.727 526.163 309.53 526.163H30.9066C22.7097 526.163 14.8485 522.907 9.05234 517.111C3.25622 511.315 0 503.454 0 495.257L0 30.9066C0 22.7097 3.25622 14.8485 9.05234 9.05234C14.8485 3.25622 22.7097 0 30.9066 0L309.53 0C317.727 0 325.588 3.25622 331.384 9.05234C337.18 14.8485 340.436 22.7097 340.436 30.9066V309.53C340.436 317.727 337.18 325.588 331.384 331.384C325.588 337.18 317.727 340.436 309.53 340.436L210.231 340.503Z\" fill=\"#2D85F7\"\/><\/svg><\/div>\n\n<h3 class=\"wp-block-heading wp-el\" id=\"kasutatud-mobiiltelefonide-ost-ja-muuk\">Purchase and sale of used mobile phones<\/h3>\n\n\n\n<p class=\"wp-el\">Second Round buys and sells used mobile phones. We offer your company a large selection of iPhone and Samsung models. All the mobile phones we sell have undergone a thorough quality control with a testing software.<\/p>\n\n\n\n<div class=\"wp-block-buttons is-layout-flex wp-block-buttons-is-layout-flex\">\n<div class=\"wp-block-button\"><a class=\"wp-block-button__link wp-element-button\" href=\"https:\/\/secondround.eu\/en\/ettevottest\/\">Read more<\/a><\/div>\n<\/div>\n\n<\/div>\n<\/div><\/div><\/div>\n\n<div id=\"acf-block_61fa49060a805\" class=\"acf-block-element element-mgrid position-relative\"><div id=\"slider1\" class=\"swiper\"><div class=\"swiper-wrapper\"><div class=\"swiper-slide\"><p class=\"wp-el font-weight-bold\">Our values:<\/p><div class=\"editor-content\"><p>Personalization and a client-oriented approach have been a top priority for Second Round from day one. While most companies have their established processes already in place, with no room to take into account the customer's preferences and wishes, we have had a fully customer-centric approach from the very beginning. The main difference between us and our competitors is that it is always important for us to be concrete and transparent with our customers and partners. In out communications we are straightforward and honest - less talk and more action.<\/p>\n<\/div><\/div><div class=\"swiper-slide\"><p class=\"wp-el font-weight-bold\">Lower costs = higher profits<\/p><div class=\"editor-content\"><p>Limited resources are one of the basic characteristics describing entrepreneurship. Therefore, it is extremely important to cut costs and channel the available resources actually towards developing your business. Often, used mobile phones are written off long before their actual lifetime is over, so the same device can still work reliably for many years. However, the price of second-round phones is much more affordable. At Second Round we aim to offer businesses a wide range of used phones, all of which have passed through our thorough quality control. That way, you can save on costs and put all the remaining capital into developing your business.<\/p>\n<\/div><\/div><div class=\"swiper-slide\"><p class=\"wp-el font-weight-bold\">A wide range of quality phones (Apple and Samsung)<\/p><div class=\"editor-content\"><p>At  Second Round we care about our customers having the best possible technology, allowing them to put all their energy into growing their business. That's why our choice of products offers a wide variety of phones from the leading manufacturer. From Second Round, you can choose between all Apple iPhone models, as well as many of the newer Samsung models. Let us know which models you choose and we will deliver these to you in due course.<\/p>\n<\/div><\/div><div class=\"swiper-slide\"><p class=\"wp-el font-weight-bold\">Convenience and speed<\/p><div class=\"editor-content\"><p>Business is often dynamic and fast-changing, therefore it is important to get things done quickly and conveniently. One of our biggest goals at Second Round is to provide solutions that take this into account and follow this principle. That's why we have the easiest return shipping on the market, for which you always receive an instant credit invoice. That way, you don't have to worry about a slow and complicated process, but rather you can get things done conveniently and quickly, so that most of your time is spent doing the core work instead of administrative tasks.<\/p>\n<\/div><\/div><\/div><\/div><div id=\"slider1-pg\" class=\"swiper-pagination\"><\/div><\/div>\n\n<div id=\"acf-block_61f7c77ff52e7\" class=\"acf-block-element element-iconbg bg-gradient icon_leaf position-relative\"><div class=\"bg-icon\"><svg width=\"409\" height=\"362\" viewbox=\"0 0 409 362\" fill=\"none\" xmlns=\"http:\/\/www.w3.org\/2000\/svg\"><path d=\"M385.748 6.87007C381.603 -1.96158 370.153 -2.31485 365.493 6.02224C343.924 44.1043 304.604 67.8438 259.256 67.8438H202.035C126.216 67.8438 65.6683 128.606 66.8574 203.498C66.9359 208.444 67.5832 213.178 68.1602 217.982C113.282 185.693 178.722 158.28 272.136 158.28C278.43 158.28 283.661 163.367 283.76 169.585C283.858 175.802 278.789 180.889 272.495 180.889C92.6771 180.889 18.1584 289.766 1.92762 330.674C-2.61029 342.19 3.17743 355.332 14.9114 360.066C26.7181 364.87 39.9334 359.289 44.6155 347.843C45.648 345.299 59.0272 314 95.0268 283.831C118.694 314.848 163.224 344.451 220.993 338.375C333.162 330.321 410.619 230.841 408.685 109.035C408.122 73.5668 399.814 36.8271 385.748 6.87007Z\" fill=\"#2D85F7\"\/><\/svg><\/div>\n\n<h2 class=\"wp-block-heading wp-el\" id=\"vaiksem-okoloogiline-jalajalg-jatkusuutlik-ettevotlus\">Smaller ecological footprint = sustainable business<\/h2>\n\n\n\n<p class=\"wp-el\">Nowadays, the importance of being environmentally friendly is increasing rapidly and the company's reputation depends largely on how sustainable its business operations are. A small ecological footprint is no longer a luxury that only eco-products can afford, but is an essential part of building trust and customer relationships for any business. Given that in our increasingly digital world, technology has a large ecological footprint, one of our values at Second Round is to offer companies the opportunity to do business in a more environmentally friendly way, reducing their own ecological footprint and thereby further enhancing their reputation and trust in the eyes of their customers.<\/p>\n\n\n\n<div class=\"wp-block-buttons is-layout-flex wp-block-buttons-is-layout-flex\">\n<div class=\"wp-block-button is-style-outline is-style-outline--2\"><a class=\"wp-block-button__link wp-element-button\" href=\"https:\/\/secondround.eu\/en\/tooted-teenused\/\">See offers<\/a><\/div>\n<\/div>\n\n<\/div>\n\n\n<h2 class=\"wp-block-heading has-text-align-center has-theme-primary-color has-text-color wp-el\" id=\"pakub-huvi\">Interested?<\/h2>\n\n\n\n<p class=\"has-text-align-center wp-el\">Contact our specialist and we will find the right solution for you<\/p>\n\n\n\n<div class=\"wp-block-contact-form-7-contact-form-selector\">\n<div class=\"wpcf7 no-js\" id=\"wpcf7-f13-o1\" lang=\"en-US\" dir=\"ltr\" data-wpcf7-id=\"13\">\n<div class=\"screen-reader-response\"><p role=\"status\" aria-live=\"polite\" aria-atomic=\"true\"><\/p> <ul><\/ul><\/div>\n<form action=\"\/en\/wp-json\/wp\/v2\/pages\/8#wpcf7-f13-o1\" method=\"post\" class=\"wpcf7-form init\" aria-label=\"Contact form\" novalidate=\"novalidate\" data-status=\"init\" data-trp-original-action=\"\/en\/wp-json\/wp\/v2\/pages\/8#wpcf7-f13-o1\">\n<div style=\"display: none;\">\n<input type=\"hidden\" name=\"_wpcf7\" value=\"13\" \/>\n<input type=\"hidden\" name=\"_wpcf7_version\" value=\"6.0.3\" \/>\n<input type=\"hidden\" name=\"_wpcf7_locale\" value=\"en_US\" \/>\n<input type=\"hidden\" name=\"_wpcf7_unit_tag\" value=\"wpcf7-f13-o1\" \/>\n<input type=\"hidden\" name=\"_wpcf7_container_post\" value=\"0\" \/>\n<input type=\"hidden\" name=\"_wpcf7_posted_data_hash\" value=\"\" \/>\n<input type=\"hidden\" name=\"_wpcf7_recaptcha_response\" value=\"\" \/>\n<\/div>\n<span class=\"wpcf7-form-control-wrap\" data-name=\"your-name\"><input size=\"40\" maxlength=\"400\" class=\"wpcf7-form-control wpcf7-text wpcf7-validates-as-required\" aria-required=\"true\" aria-invalid=\"false\" placeholder=\"Full name\" value=\"\" type=\"text\" name=\"your-name\" \/><\/span>\n\n<span class=\"wpcf7-form-control-wrap\" data-name=\"your-email\"><input size=\"40\" maxlength=\"400\" class=\"wpcf7-form-control wpcf7-email wpcf7-validates-as-required wpcf7-text wpcf7-validates-as-email\" aria-required=\"true\" aria-invalid=\"false\" placeholder=\"Email address\" value=\"\" type=\"email\" name=\"your-email\" \/><\/span>\n\n<span class=\"wpcf7-form-control-wrap\" data-name=\"your-company\"><input size=\"40\" maxlength=\"400\" class=\"wpcf7-form-control wpcf7-text wpcf7-validates-as-required\" aria-required=\"true\" aria-invalid=\"false\" placeholder=\"Company name\" value=\"\" type=\"text\" name=\"your-company\" \/><\/span>\n\n<span class=\"wpcf7-form-control-wrap\" data-name=\"your-message\"><textarea cols=\"40\" rows=\"10\" maxlength=\"2000\" class=\"wpcf7-form-control wpcf7-textarea\" aria-invalid=\"false\" placeholder=\"Message\" name=\"your-message\"><\/textarea><\/span>\n\n<input class=\"wpcf7-form-control wpcf7-submit has-spinner\" type=\"submit\" value=\"Send\" \/><div class=\"wpcf7-response-output\" aria-hidden=\"true\"><\/div>\n<input type=\"hidden\" name=\"trp-form-language\" value=\"en\"\/><\/form>\n<\/div>\n<\/div>\n\n\n\n<h2 class=\"wp-block-heading has-text-align-center has-theme-primary-color has-text-color wp-el\" id=\"voi-kulasta-meid\">Or visit us<\/h2>\n\n\n\n<iframe src=\"https:\/\/www.google.com\/maps\/embed?pb=!1m18!1m12!1m3!1d2093.715676350961!2d26.664688816478826!3d58.34759799638445!2m3!1f0!2f0!3f0!3m2!1i1024!2i768!4f13.1!3m3!1m2!1s0x46eb377acd038511%3A0xb98aa21d40328e5f!2sKassisilma%202%2C%20R%C3%A4ni%2C%2061708%20Tartu%20maakond!5e0!3m2!1sen!2see!4v1643625185776!5m2!1sen!2see\" style=\"border:0;\" allowfullscreen=\"\" loading=\"lazy\" width=\"600\" height=\"450\"><\/iframe>","protected":false},"excerpt":{"rendered":"<p>Garanteeritud kvaliteet, m\u00f5istlik hind Pakub huvi? V\u00f5ta meie spetsialistiga \u00fchendust ja leiame Sulle sobiva lahenduse V\u00f5i k\u00fclasta meid<\/p>","protected":false},"author":1,"featured_media":0,"parent":0,"menu_order":0,"comment_status":"closed","ping_status":"closed","template":"","meta":{"inline_featured_image":false,"footnotes":""},"class_list":["post-8","page","type-page","status-publish","hentry"],"acf":[],"_links":{"self":[{"href":"https:\/\/secondround.eu\/en\/wp-json\/wp\/v2\/pages\/8","targetHints":{"allow":["GET"]}}],"collection":[{"href":"https:\/\/secondround.eu\/en\/wp-json\/wp\/v2\/pages"}],"about":[{"href":"https:\/\/secondround.eu\/en\/wp-json\/wp\/v2\/types\/page"}],"author":[{"embeddable":true,"href":"https:\/\/secondround.eu\/en\/wp-json\/wp\/v2\/users\/1"}],"replies":[{"embeddable":true,"href":"https:\/\/secondround.eu\/en\/wp-json\/wp\/v2\/comments?post=8"}],"version-history":[{"count":92,"href":"https:\/\/secondround.eu\/en\/wp-json\/wp\/v2\/pages\/8\/revisions"}],"predecessor-version":[{"id":399,"href":"https:\/\/secondround.eu\/en\/wp-json\/wp\/v2\/pages\/8\/revisions\/399"}],"wp:attachment":[{"href":"https:\/\/secondround.eu\/en\/wp-json\/wp\/v2\/media?parent=8"}],"curies":[{"name":"wp","href":"https:\/\/api.w.org\/{rel}","templated":true}]}}