{"id":226,"date":"2022-02-28T09:36:56","date_gmt":"2022-02-28T09:36:56","guid":{"rendered":"https:\/\/secondround.eu\/about-the-company\/"},"modified":"2025-01-29T13:22:43","modified_gmt":"2025-01-29T13:22:43","slug":"about-the-company","status":"publish","type":"page","link":"https:\/\/secondround.eu\/en\/about-the-company\/","title":{"rendered":"About the company"},"content":{"rendered":"<h2 class=\"wp-block-heading has-text-align-center has-theme-primary-color has-text-color has-medium-font-size wp-el\" id=\"vahem-tuhja-juttu-ja-burokraatiat-ning-rohkem-labipaistvust-konkreetsust-ja-tegusid\">Less nonsense and bureaucracy and more transparency, concreteness and action.<\/h2>\n\n\n\n<p class=\"has-text-align-center wp-el\">We currently operate with 6 employees and sell on average 10 000 to 15 000 phones every month.<\/p>\n\n\n<div id=\"acf-block_61f8d1e8b7a41\" class=\"acf-block-element element-bg w-max position-relative mask_top_second mask_bot_second\"><div class=\"element-inner position-relative\"><div class=\"container\">\n\n<h2 class=\"wp-block-heading has-text-align-center wp-el\" id=\"kes-me-oleme\">Who are we?<\/h2>\n\n\n<div id=\"acf-block_61f8f30bcdd5e\" class=\"acf-block-element element-timeline position-relative d-flex flex-wrap\"><div class=\"element-timeline__item\"><p class=\"has-medium-font-size font-weight-bold\">Second Round was launched in 2018<\/p><p>Second Round was launched in 2018, when founder Rauno K\u00fclv, former Sales Manager of Redeem Group (Redeem Nordics), noticed a need in the market for a flexible and dynamic company that could adapt to the needs of the customer. We saw how in most companies, the business processes are static and do not take into account customer preferences.  So, we wanted to create a super-flexible company that fully adapts to customer needs and wants. Less empty words and bureaucracy and more transparency, concreteness and action.<\/p>\n<\/div><div class=\"element-timeline__item\"><p class=\"has-medium-font-size font-weight-bold\">This is how Second Round, a wholesaler and buyer of used phones, was born.<\/p><p>Second Round alustas Tartus \u00fchemeheettev\u00f5ttena, kus Rauno seadmed ise ostis, pakkis ja edasi saatis. Kaua ei l\u00e4inud aega, et ettev\u00f5te edasi areneks ning peagi oli Second Round\u2019il ka uued t\u00f6\u00f6tajad ning enda kontor Tartu kesklinnas. Peale seda on ettev\u00f5te iga aasta kasvanud mitmekordselt. Hetkel opereerime 6 t\u00f6\u00f6tajaga ja m\u00fc\u00fcme keskmiselt 10\u00a0000 kuni 15\u00a0000 telefoni iga kuu. Kogu selle arengu juures aga ei ole me teinud j\u00e4releandmisi teenuse kiiruses, usaldusv\u00e4\u00e4rsuses ega personaalsuses. Kliendid, kellega alustasime enda algusaastatel on t\u00e4naseni endiselt meie ustavad ja rahulolevad  koost\u00f6\u00f6partnerid.<\/p>\n<\/div><div class=\"element-timeline__item\"><p class=\"has-medium-font-size font-weight-bold\">At Second Round, we stand out from our competitors mainly thanks to our Nordic concreteness.<\/p><p>It is important for us to always be honest and transparent with our customers and partners. We approach our customers not through what they can do for us, but through how we can help our customers. Clients come to us with their criteria and it is our job is to find the best possible solution for them. Most of our clients are large companies from Europe - both from the Nordic countries and Western Europe.<\/p>\n<\/div><\/div>\n\n\n<div class=\"wp-block-buttons is-layout-flex wp-block-buttons-is-layout-flex\">\n<div class=\"wp-block-button is-style-outline aligncenter is-style-outline--1\"><a class=\"wp-block-button__link wp-element-button\" href=\"https:\/\/secondround.eu\/en\/products-and-services\/\">See offers<\/a><\/div>\n<\/div>\n\n<\/div><\/div><\/div>\n\n\n<p class=\"has-text-align-center wp-el\">Contact us and we will find a solution to your problem<\/p>\n\n\n\n<div class=\"wp-block-buttons is-content-justification-center is-layout-flex wp-container-core-buttons-is-layout-16018d1d wp-block-buttons-is-layout-flex\">\n<div class=\"wp-block-button\"><a class=\"wp-block-button__link wp-element-button\" href=\"https:\/\/secondround.eu\/en\/contact\/\">Contact<\/a><\/div>\n<\/div>","protected":false},"excerpt":{"rendered":"<p>Less nonsense and bureaucracy and more transparency, concreteness and action. We currently operate with 6 employees and sell on average&#8230;<\/p>","protected":false},"author":1,"featured_media":0,"parent":0,"menu_order":10,"comment_status":"closed","ping_status":"closed","template":"","meta":{"inline_featured_image":false,"footnotes":""},"class_list":["post-226","page","type-page","status-publish","hentry"],"acf":[],"_links":{"self":[{"href":"https:\/\/secondround.eu\/en\/wp-json\/wp\/v2\/pages\/226","targetHints":{"allow":["GET"]}}],"collection":[{"href":"https:\/\/secondround.eu\/en\/wp-json\/wp\/v2\/pages"}],"about":[{"href":"https:\/\/secondround.eu\/en\/wp-json\/wp\/v2\/types\/page"}],"author":[{"embeddable":true,"href":"https:\/\/secondround.eu\/en\/wp-json\/wp\/v2\/users\/1"}],"replies":[{"embeddable":true,"href":"https:\/\/secondround.eu\/en\/wp-json\/wp\/v2\/comments?post=226"}],"version-history":[{"count":13,"href":"https:\/\/secondround.eu\/en\/wp-json\/wp\/v2\/pages\/226\/revisions"}],"predecessor-version":[{"id":407,"href":"https:\/\/secondround.eu\/en\/wp-json\/wp\/v2\/pages\/226\/revisions\/407"}],"wp:attachment":[{"href":"https:\/\/secondround.eu\/en\/wp-json\/wp\/v2\/media?parent=226"}],"curies":[{"name":"wp","href":"https:\/\/api.w.org\/{rel}","templated":true}]}}